{"id":9352,"date":"2022-05-05T15:00:01","date_gmt":"2022-05-05T13:00:01","guid":{"rendered":"https:\/\/fairforce.one\/?page_id=9352"},"modified":"2025-06-23T09:10:28","modified_gmt":"2025-06-23T07:10:28","slug":"presse","status":"publish","type":"page","link":"https:\/\/fairforce.one\/en\/presse\/","title":{"rendered":"Press"},"content":{"rendered":"<div data-elementor-type=\"wp-page\" data-elementor-id=\"9352\" class=\"elementor elementor-9352\" data-elementor-post-type=\"page\">\n\t\t\t\t<div class=\"elementor-element elementor-element-2a07628 e-flex e-con-boxed e-con e-parent\" data-id=\"2a07628\" data-element_type=\"container\" data-e-type=\"container\">\n\t\t\t\t\t<div class=\"e-con-inner\">\n\t\t<div class=\"elementor-element elementor-element-4ffab7c e-con-full e-flex e-con e-child\" data-id=\"4ffab7c\" data-element_type=\"container\" data-e-type=\"container\">\n\t\t\t\t<div class=\"elementor-element elementor-element-d1ea9d6 elementor-widget elementor-widget-heading\" data-id=\"d1ea9d6\" data-element_type=\"widget\" data-e-type=\"widget\" data-widget_type=\"heading.default\">\n\t\t\t\t<div class=\"elementor-widget-container\">\n\t\t\t\t\t<h1 class=\"elementor-heading-title elementor-size-default\" id=\"pressebereich\" title=\"Press area\">Press area<\/h1>\t\t\t\t<\/div>\n\t\t\t\t<\/div>\n\t\t\t\t<div class=\"elementor-element elementor-element-c88655e elementor-widget elementor-widget-heading\" data-id=\"c88655e\" data-element_type=\"widget\" data-e-type=\"widget\" data-widget_type=\"heading.default\">\n\t\t\t\t<div class=\"elementor-widget-container\">\n\t\t\t\t\t<h3 class=\"elementor-heading-title elementor-size-default\" id=\"daten-und-fakten\" title=\"Facts and figures\">Facts and figures<\/h3>\t\t\t\t<\/div>\n\t\t\t\t<\/div>\n\t\t\t\t<div class=\"elementor-element elementor-element-1e618e8 elementor-widget elementor-widget-text-editor\" data-id=\"1e618e8\" data-element_type=\"widget\" data-e-type=\"widget\" data-widget_type=\"text-editor.default\">\n\t\t\t\t<div class=\"elementor-widget-container\">\n\t\t\t\t\t\t\t\t\t<ul>\n \t<li>Legal tech company from Leipzig<\/li>\n \t<li>Mission: To bring accident victims and the insurance company liable to pay benefits on an equal footing<\/li>\n \t<li>Advantage: an innovative platform\n<ul>\n \t<li>brings together all parties involved in an accident with digital tools<\/li>\n \t<li>Speed: achieves perfected partial automation over many years<\/li>\n \t<li>Quality: enables data-driven quality management that is unique on the market<\/li>\n \t<li>Competitive advantage for partners &amp; customers: extracts structured data from various formats using specially trained AI<\/li>\n<\/ul>\n<\/li>\n \t<li>Nationwide network of certified partners comprising traffic law specialists, experts, garages and hire car providers<\/li>\n \t<li>2024: Germany's top-rated independent accident platform <sup><a href=\"#footnotes\">1<\/a><\/sup><\/li>\n \t<li>average plus 480 euros additional payment for injured parties<sup><a href=\"#footnotes\">2<\/a><\/sup><\/li>\n \t<li>104 million euros in damages obtained and paid out<\/li>\n<\/ul>\t\t\t\t\t\t\t\t<\/div>\n\t\t\t\t<\/div>\n\t\t\t\t<div class=\"elementor-element elementor-element-391df75 elementor-widget elementor-widget-heading\" data-id=\"391df75\" data-element_type=\"widget\" data-e-type=\"widget\" data-widget_type=\"heading.default\">\n\t\t\t\t<div class=\"elementor-widget-container\">\n\t\t\t\t\t<h3 class=\"elementor-heading-title elementor-size-default\" id=\"ueber-fairforce-one\" title=\"About fairforce.one\">About fairforce.one<\/h3>\t\t\t\t<\/div>\n\t\t\t\t<\/div>\n\t\t\t\t<div class=\"elementor-element elementor-element-d75fcb7 elementor-widget elementor-widget-text-editor\" data-id=\"d75fcb7\" data-element_type=\"widget\" data-e-type=\"widget\" data-widget_type=\"text-editor.default\">\n\t\t\t\t<div class=\"elementor-widget-container\">\n\t\t\t\t\t\t\t\t\t<p>The company fairforce.one stands for fair accident and claims settlement. At fairforce.one, the service comes to the customer and not the other way round: accident victims can have the entire claims settlement process after a road accident handled quickly and comprehensively by a single point of contact. As a Leipzig-based legal tech company, fairforce.one is digital and yet personal.<\/p><p>For commercial and fleet customers, fairforce.one ensures that they are not left with the costs and can focus on their core business even in the event of an accident. Lawyers, car dealerships, experts, insurance brokers and legal expenses insurers will find a unique portfolio for process optimisation at fairforce.one. In addition to the ad hoc improvement in profitability, these target groups value the proven increase in customer satisfaction the most.<\/p>\t\t\t\t\t\t\t\t<\/div>\n\t\t\t\t<\/div>\n\t\t\t\t<\/div>\n\t\t<div class=\"elementor-element elementor-element-77fe391 e-con-full e-flex e-con e-child\" data-id=\"77fe391\" data-element_type=\"container\" data-e-type=\"container\">\n\t\t<div class=\"elementor-element elementor-element-dfc3ade e-con-full e-flex e-con e-child\" data-id=\"dfc3ade\" data-element_type=\"container\" data-e-type=\"container\" data-settings=\"{&quot;background_background&quot;:&quot;classic&quot;}\">\n\t\t\t\t<div class=\"elementor-element elementor-element-73f6b7b elementor-widget elementor-widget-image\" data-id=\"73f6b7b\" data-element_type=\"widget\" data-e-type=\"widget\" data-widget_type=\"image.default\">\n\t\t\t\t<div class=\"elementor-widget-container\">\n\t\t\t\t\t\t\t\t\t\t\t\t\t\t\t<img decoding=\"async\" width=\"195\" height=\"101\" src=\"https:\/\/fairforce.one\/wp-content\/uploads\/2021\/06\/ff1_logo_weiss.svg\" class=\"attachment-large size-large wp-image-16629\" alt=\"Logo fairforce.one\" \/>\t\t\t\t\t\t\t\t\t\t\t\t\t\t\t<\/div>\n\t\t\t\t<\/div>\n\t\t\t\t<\/div>\n\t\t<div class=\"elementor-element elementor-element-64a0019 e-con-full e-flex e-con e-child\" data-id=\"64a0019\" data-element_type=\"container\" data-e-type=\"container\" data-settings=\"{&quot;background_background&quot;:&quot;classic&quot;}\">\n\t\t\t\t<div class=\"elementor-element elementor-element-0872e23 elementor-widget elementor-widget-heading\" data-id=\"0872e23\" data-element_type=\"widget\" data-e-type=\"widget\" data-widget_type=\"heading.default\">\n\t\t\t\t<div class=\"elementor-widget-container\">\n\t\t\t\t\t<h2 class=\"elementor-heading-title elementor-size-default\" id=\"fairforce-one\" title=\"fairforce.one\">fairforce.one<\/h2>\t\t\t\t<\/div>\n\t\t\t\t<\/div>\n\t\t\t\t<div class=\"elementor-element elementor-element-182b6ae elementor-widget elementor-widget-heading\" data-id=\"182b6ae\" data-element_type=\"widget\" data-e-type=\"widget\" data-widget_type=\"heading.default\">\n\t\t\t\t<div class=\"elementor-widget-container\">\n\t\t\t\t\t<div class=\"elementor-heading-title elementor-size-default\">Wei\u00dfenfelser Str. 65J | 04229 Leipzig<\/div>\t\t\t\t<\/div>\n\t\t\t\t<\/div>\n\t\t\t\t<div class=\"elementor-element elementor-element-2de0327 elementor-widget elementor-widget-heading\" data-id=\"2de0327\" data-element_type=\"widget\" data-e-type=\"widget\" data-widget_type=\"heading.default\">\n\t\t\t\t<div class=\"elementor-widget-container\">\n\t\t\t\t\t<div class=\"elementor-heading-title elementor-size-default\"><p><strong>Press contact:<\/strong><\/p>\n<p>fairforce.one Rechtsdienstleistungsgesellschaft mbH<\/p>\n<p>e-mail: <a href=\"mailto:post@fairforce.one\">post@fairforce.one<\/a><\/p><\/div>\t\t\t\t<\/div>\n\t\t\t\t<\/div>\n\t\t\t\t<\/div>\n\t\t\t\t<\/div>\n\t\t\t\t\t<\/div>\n\t\t\t\t<\/div>\n\t\t\t\t<\/div>","protected":false},"excerpt":{"rendered":"<p>Pressebereich Daten und Fakten Legal Tech Unternehmen aus Leipzig Mission: Unfallgesch\u00e4digte und leistungspflichtige Versicherung fair auf Augenh\u00f6he bringen Vorteil: eine innovative Plattform bringt alle Beteiligten eines Unfalls mit digitalen Werkzeugen zusammen Geschwindigkeit: leistet langj\u00e4hrig perfektionierte Teilautomatisierungen Qualit\u00e4t: erm\u00f6glicht ein am Markt einmaliges datengetriebenes Qualit\u00e4tsmanagement Wettbewerbsvorteil f\u00fcr Partner &amp; Kunden: gewinnt mit speziell trainierter KI aus [&hellip;]<\/p>\n","protected":false},"author":2,"featured_media":0,"parent":0,"menu_order":0,"comment_status":"closed","ping_status":"closed","template":"elementor_header_footer","meta":{"_acf_changed":false,"_relevanssi_hide_post":"","_relevanssi_hide_content":"","_relevanssi_pin_for_all":"","_relevanssi_pin_keywords":"","_relevanssi_unpin_keywords":"","_relevanssi_related_keywords":"","_relevanssi_related_include_ids":"","_relevanssi_related_exclude_ids":"","_relevanssi_related_no_append":"","_relevanssi_related_not_related":"","_relevanssi_related_posts":"4312,4065,3879,2939,1797,2443","_relevanssi_noindex_reason":"Yoast SEO Relevanssi index exclude","_lmt_disableupdate":"no","_lmt_disable":"","yasr_overall_rating":0,"yasr_post_is_review":"","yasr_auto_insert_disabled":"","yasr_review_type":"","footnotes":""},"class_list":["post-9352","page","type-page","status-publish","hentry"],"acf":[],"yasr_visitor_votes":{"stars_attributes":{"read_only":false,"span_bottom":false},"number_of_votes":0,"sum_votes":0},"_links":{"self":[{"href":"https:\/\/fairforce.one\/en\/wp-json\/wp\/v2\/pages\/9352","targetHints":{"allow":["GET"]}}],"collection":[{"href":"https:\/\/fairforce.one\/en\/wp-json\/wp\/v2\/pages"}],"about":[{"href":"https:\/\/fairforce.one\/en\/wp-json\/wp\/v2\/types\/page"}],"author":[{"embeddable":true,"href":"https:\/\/fairforce.one\/en\/wp-json\/wp\/v2\/users\/2"}],"replies":[{"embeddable":true,"href":"https:\/\/fairforce.one\/en\/wp-json\/wp\/v2\/comments?post=9352"}],"version-history":[{"count":99,"href":"https:\/\/fairforce.one\/en\/wp-json\/wp\/v2\/pages\/9352\/revisions"}],"predecessor-version":[{"id":17254,"href":"https:\/\/fairforce.one\/en\/wp-json\/wp\/v2\/pages\/9352\/revisions\/17254"}],"wp:attachment":[{"href":"https:\/\/fairforce.one\/en\/wp-json\/wp\/v2\/media?parent=9352"}],"curies":[{"name":"wp","href":"https:\/\/api.w.org\/{rel}","templated":true}]}}