{"id":6798,"date":"2021-12-08T11:11:03","date_gmt":"2021-12-08T10:11:03","guid":{"rendered":"https:\/\/fairforce.one\/?page_id=6798"},"modified":"2025-10-17T09:42:44","modified_gmt":"2025-10-17T07:42:44","slug":"karriere","status":"publish","type":"page","link":"https:\/\/fairforce.one\/en\/karriere\/","title":{"rendered":"Career"},"content":{"rendered":"\t\t<div data-elementor-type=\"wp-page\" data-elementor-id=\"6798\" class=\"elementor elementor-6798\" data-elementor-post-type=\"page\">\n\t\t\t\t\t\t<section class=\"elementor-section elementor-top-section elementor-element elementor-element-fc2666c elementor-section-content-top elementor-section-boxed elementor-section-height-default elementor-section-height-default\" data-id=\"fc2666c\" data-element_type=\"section\" data-e-type=\"section\">\n\t\t\t\t\t\t<div class=\"elementor-container elementor-column-gap-default\">\n\t\t\t\t\t<div class=\"elementor-column elementor-col-50 elementor-top-column elementor-element elementor-element-5e53962\" data-id=\"5e53962\" data-element_type=\"column\" data-e-type=\"column\">\n\t\t\t<div class=\"elementor-widget-wrap elementor-element-populated\">\n\t\t\t\t\t\t<div class=\"elementor-element elementor-element-0b408f5 elementor-widget elementor-widget-heading\" data-id=\"0b408f5\" data-element_type=\"widget\" data-e-type=\"widget\" data-widget_type=\"heading.default\">\n\t\t\t\t<div class=\"elementor-widget-container\">\n\t\t\t\t\t<h1 class=\"elementor-heading-title elementor-size-default\" id=\"karriere-bei-fairforce-one\" title=\"Karriere bei fairforce.one\">Karriere bei fairforce.one<\/h1>\t\t\t\t<\/div>\n\t\t\t\t<\/div>\n\t\t\t\t<div class=\"elementor-element elementor-element-3609dcc elementor-widget elementor-widget-text-editor\" data-id=\"3609dcc\" data-element_type=\"widget\" data-e-type=\"widget\" data-widget_type=\"text-editor.default\">\n\t\t\t\t<div class=\"elementor-widget-container\">\n\t\t\t\t\t\t\t\t\t<p>Die <strong>fairforce.one System GmbH<\/strong>\u00a0entwickelt und vertreibt eine innovative Softwarel\u00f6sung f\u00fcr die kundenorientierte Regulierung von Unfallsch\u00e4den.<\/p><p>Wir bieten unseren gewerblichen Kunden seit 2017 digitale Werkzeuge, mit denen korrekte Entsch\u00e4digungsleistungen einfach zu ermitteln und gegen\u00fcber leistungspflichtigen Versicherungen smart durchzusetzen sind.<\/p><p>Wir glauben daran, dass die Schadensregulierung der Zukunft strikt kundenorientiert &amp; transparent und deshalb digital aufgestellt sein muss. Und DU kannst ein Teil davon sein.<\/p><p>Um unser Brand schnell und nachhaltig als Nummer 1 f\u00fcr kundenorientierte Schadensregulierung zu etablieren, suchen wir f\u00fcr den Standort\u00a0<strong>Leipzig (04229)<\/strong>\u00a0zum n\u00e4chstm\u00f6glichen Zeitpunkt:<\/p>\t\t\t\t\t\t\t\t<\/div>\n\t\t\t\t<\/div>\n\t\t\t\t\t<\/div>\n\t\t<\/div>\n\t\t\t\t<div class=\"elementor-column elementor-col-50 elementor-top-column elementor-element elementor-element-67cecab\" data-id=\"67cecab\" data-element_type=\"column\" data-e-type=\"column\">\n\t\t\t<div class=\"elementor-widget-wrap elementor-element-populated\">\n\t\t\t\t\t\t<section class=\"elementor-section elementor-inner-section elementor-element elementor-element-7268acf elementor-section-boxed elementor-section-height-default elementor-section-height-default\" data-id=\"7268acf\" data-element_type=\"section\" data-e-type=\"section\" data-settings=\"{&quot;background_background&quot;:&quot;classic&quot;}\">\n\t\t\t\t\t\t<div class=\"elementor-container elementor-column-gap-default\">\n\t\t\t\t\t<div class=\"elementor-column elementor-col-100 elementor-inner-column elementor-element elementor-element-ea04512\" data-id=\"ea04512\" data-element_type=\"column\" data-e-type=\"column\">\n\t\t\t<div class=\"elementor-widget-wrap elementor-element-populated\">\n\t\t\t\t\t\t<div class=\"elementor-element elementor-element-9dbd63b elementor-widget elementor-widget-text-editor\" data-id=\"9dbd63b\" data-element_type=\"widget\" data-e-type=\"widget\" data-widget_type=\"text-editor.default\">\n\t\t\t\t<div class=\"elementor-widget-container\">\n\t\t\t\t\t\t\t\t\t<p><strong>Kontakt Human Resources:<\/strong><\/p><p>fairforce.one System GmbH<br \/>Diana Lucht<br \/>Wei\u00dfenfelser Str. 65J \u2013 Haus 7, 04229 Leipzig<br \/>Mail:\u00a0<a href=\"mailto:bewerbung@fairforce.one\">bewerbung@fairforce.one<\/a><\/p>\t\t\t\t\t\t\t\t<\/div>\n\t\t\t\t<\/div>\n\t\t\t\t<div class=\"elementor-element elementor-element-e43a47a elementor-align-center elementor-widget elementor-widget-button\" data-id=\"e43a47a\" data-element_type=\"widget\" data-e-type=\"widget\" data-widget_type=\"button.default\">\n\t\t\t\t<div class=\"elementor-widget-container\">\n\t\t\t\t\t\t\t\t\t<div class=\"elementor-button-wrapper\">\n\t\t\t\t\t<a class=\"elementor-button elementor-button-link elementor-size-sm\" href=\"https:\/\/fairforce.one\/meta\/datenschutzerklaerung\/\">\n\t\t\t\t\t\t<span class=\"elementor-button-content-wrapper\">\n\t\t\t\t\t\t\t\t\t<span class=\"elementor-button-text\">Allgemeine Datenschutzerkl\u00e4rung<\/span>\n\t\t\t\t\t<\/span>\n\t\t\t\t\t<\/a>\n\t\t\t\t<\/div>\n\t\t\t\t\t\t\t\t<\/div>\n\t\t\t\t<\/div>\n\t\t\t\t<div class=\"elementor-element elementor-element-f3e4b40 elementor-align-center elementor-widget elementor-widget-button\" data-id=\"f3e4b40\" data-element_type=\"widget\" data-e-type=\"widget\" data-widget_type=\"button.default\">\n\t\t\t\t<div class=\"elementor-widget-container\">\n\t\t\t\t\t\t\t\t\t<div class=\"elementor-button-wrapper\">\n\t\t\t\t\t<a class=\"elementor-button elementor-button-link elementor-size-sm\" href=\"https:\/\/fairforce.one\/meta\/datenschutzerklaerung-zu-bewerbungen\/\">\n\t\t\t\t\t\t<span class=\"elementor-button-content-wrapper\">\n\t\t\t\t\t\t\t\t\t<span class=\"elementor-button-text\">Datenschutzerkl\u00e4rung f\u00fcr Bewerber<\/span>\n\t\t\t\t\t<\/span>\n\t\t\t\t\t<\/a>\n\t\t\t\t<\/div>\n\t\t\t\t\t\t\t\t<\/div>\n\t\t\t\t<\/div>\n\t\t\t\t\t<\/div>\n\t\t<\/div>\n\t\t\t\t\t<\/div>\n\t\t<\/section>\n\t\t\t\t\t<\/div>\n\t\t<\/div>\n\t\t\t\t\t<\/div>\n\t\t<\/section>\n\t\t\t\t<section class=\"elementor-section elementor-top-section elementor-element elementor-element-c814218 elementor-section-boxed elementor-section-height-default elementor-section-height-default\" data-id=\"c814218\" data-element_type=\"section\" data-e-type=\"section\">\n\t\t\t\t\t\t<div class=\"elementor-container elementor-column-gap-default\">\n\t\t\t\t\t<div class=\"elementor-column elementor-col-100 elementor-top-column elementor-element elementor-element-329c1c6\" data-id=\"329c1c6\" data-element_type=\"column\" data-e-type=\"column\">\n\t\t\t<div class=\"elementor-widget-wrap elementor-element-populated\">\n\t\t\t\t\t\t<div class=\"elementor-element elementor-element-1849941 elementor-widget elementor-widget-heading\" data-id=\"1849941\" data-element_type=\"widget\" data-e-type=\"widget\" data-widget_type=\"heading.default\">\n\t\t\t\t<div class=\"elementor-widget-container\">\n\t\t\t\t\t<h2 class=\"elementor-heading-title elementor-size-default\" id=\"verfuegbare-stellen\" title=\"Verf\u00fcgbare Stellen\">Verf\u00fcgbare Stellen<\/h2>\t\t\t\t<\/div>\n\t\t\t\t<\/div>\n\t\t\t\t<div class=\"elementor-element elementor-element-7a002ee elementor-widget elementor-widget-shortcode\" data-id=\"7a002ee\" data-element_type=\"widget\" data-e-type=\"widget\" data-widget_type=\"shortcode.default\">\n\t\t\t\t<div class=\"elementor-widget-container\">\n\t\t\t\t\t\t\t<div class=\"elementor-shortcode\">[borlabs-cookie id=\"join-recruiting\" type=\"content-blocker\"]\n<div id=\"join-widget\">\n        <script\n          defer\n          type=\"text\/javascript\"\n          data-mount-in=\"#join-widget\"\n          src=\"https:\/\/join.com\/api\/widget\/bundle\/eyJhbGciOiJIUzI1NiIsInR5cCI6IkpXVCJ9.eyJzZXR0aW5ncyI6eyJzaG93Q2F0ZWdvcnlGaWx0ZXIiOnRydWUsInNob3dMb2NhdGlvbkZpbHRlciI6dHJ1ZSwic2hvd0VtcGxveW1lbnRUeXBlRmlsdGVyIjp0cnVlLCJsYW5ndWFnZSI6ImRlIiwiam9ic1BlclBhZ2UiOjI1fSwiam9icyI6e30sImRlc2lnbiI6eyJzaG93TG9nbyI6dHJ1ZSwic2hvd0xvY2F0aW9uIjp0cnVlLCJzaG93RW1wbG95bWVudFR5cGUiOnRydWUsInNob3dDYXRlZ29yeSI6dHJ1ZSwiY29sb3JzIjp7IndpZGdldCI6eyJiYWNrZ3JvdW5kIjoiI0ZGRkZGRiIsImZpbHRlckJvcmRlciI6IiNENEQ0RDgiLCJwYWdpbmF0aW9uIjoiIzI1NjNFQiJ9LCJqb2JDYXJkIjp7InNoYWRvdyI6IiNENEQ0RDgiLCJiYWNrZ3JvdW5kIjoiI0ZGRkZGRiIsInByaW1hcnlUZXh0IjoiIzJkNjQ0YSIsInNlY29uZGFyeVRleHQiOiIjNTI1MjVCIn19fSwidmVyc2lvbiI6MiwiY29tcGFueVB1YmxpY0lkIjoiZjRkOGRmMWM1ZmVkYzI5ZmNkMWY3NzhiMzE3MDhiMjMiLCJpYXQiOjE3MTAzMjk3MjUsImp0aSI6IjU4ZGIwODQ2LTQ3MDEtNDIxMC1iOTkzLTEwNDdmN2Q1YjVhNSJ9.zdNk9EUgHYquHvpHBsMLfm4g8zXgMcqobyrXZeYMEuk\"\n        ><\/script>\n      <\/div>\n      [\/borlabs-cookie]<\/div>\n\t\t\t\t\t\t<\/div>\n\t\t\t\t<\/div>\n\t\t\t\t\t<\/div>\n\t\t<\/div>\n\t\t\t\t\t<\/div>\n\t\t<\/section>\n\t\t\t\t<section class=\"elementor-section elementor-top-section elementor-element elementor-element-298e727 elementor-section-boxed elementor-section-height-default elementor-section-height-default\" data-id=\"298e727\" data-element_type=\"section\" data-e-type=\"section\">\n\t\t\t\t\t\t<div class=\"elementor-container elementor-column-gap-default\">\n\t\t\t\t\t<div class=\"elementor-column elementor-col-100 elementor-top-column elementor-element elementor-element-37933af\" data-id=\"37933af\" data-element_type=\"column\" data-e-type=\"column\">\n\t\t\t<div class=\"elementor-widget-wrap elementor-element-populated\">\n\t\t\t\t\t\t<div class=\"elementor-element elementor-element-724624d elementor-widget elementor-widget-heading\" data-id=\"724624d\" data-element_type=\"widget\" data-e-type=\"widget\" data-widget_type=\"heading.default\">\n\t\t\t\t<div class=\"elementor-widget-container\">\n\t\t\t\t\t<h2 class=\"elementor-heading-title elementor-size-default\" id=\"initiativbewerbung\" title=\"Initiativbewerbung\">Initiativbewerbung<\/h2>\t\t\t\t<\/div>\n\t\t\t\t<\/div>\n\t\t\t\t<div class=\"elementor-element elementor-element-aa49efd elementor-widget elementor-widget-text-editor\" data-id=\"aa49efd\" data-element_type=\"widget\" data-e-type=\"widget\" data-widget_type=\"text-editor.default\">\n\t\t\t\t<div class=\"elementor-widget-container\">\n\t\t\t\t\t\t\t\t\t<p><strong>Du hast kein passendes Stellenangebot gefunden?<\/strong><\/p><p>Du m\u00f6chtest in einem jungen und innovativen Unternehmen mit kurzen Entscheidungswegen arbeiten und sch\u00e4tzt eigene Gestaltungsspielr\u00e4ume? Du hast bei uns aber noch nicht das richtige Stellenangebot gefunden? Dann bewirb Dich gerne initiativ bei uns. Sowohl f\u00fcr erfahrene Fachkr\u00e4fte als auch f\u00fcr Berufseinsteiger bieten wir regelm\u00e4\u00dfig spannende Herausforderungen an.<\/p><p><strong>Was wir von Dir ben\u00f6tigen:<\/strong><\/p><p>Wir freuen uns \u00fcber aussagekr\u00e4ftige Bewerbungsunterlagen. Damit wir einen passenden Aufgabenfeld f\u00fcr Dich finden k\u00f6nnen, gib bitte im Anschreiben Deinen gew\u00fcnschten Arbeitsbereich an. Ein aktueller Lebenslauf sowie Zeugnisse vervollst\u00e4ndigen Deine Initiativbewerbung.<\/p><p>Deine Bewerbungsunterlagen sendest Du uns einfach per E-Mail an\u00a0<a href=\"mailto:bewerbung@fairforce.one\">bewerbung@fairforce.one<\/a><\/p><p>Deine Daten vom Bewerbungsprozess speichern und verarbeiten wir gem\u00e4\u00df unserer Datenschutzbestimmungen.<\/p><p><a href=\"https:\/\/fairforce.one\/meta\/datenschutzerklaerung\/\" target=\"_blank\" rel=\"noopener noreferrer\">Allgemeine Datenschutzerkl\u00e4rung<\/a>\u00a0\/\/\u00a0<a href=\"https:\/\/fairforce.one\/meta\/datenschutzerklaerung-zu-bewerbungen\/\" target=\"_blank\" rel=\"noopener noreferrer\">Datenschutzerkl\u00e4rung f\u00fcr Bewerber<\/a><\/p>\t\t\t\t\t\t\t\t<\/div>\n\t\t\t\t<\/div>\n\t\t\t\t\t<\/div>\n\t\t<\/div>\n\t\t\t\t\t<\/div>\n\t\t<\/section>\n\t\t\t\t<section class=\"elementor-section elementor-top-section elementor-element elementor-element-18891f3 elementor-section-boxed elementor-section-height-default elementor-section-height-default\" data-id=\"18891f3\" data-element_type=\"section\" data-e-type=\"section\">\n\t\t\t\t\t\t<div class=\"elementor-container elementor-column-gap-default\">\n\t\t\t\t\t<div class=\"elementor-column elementor-col-100 elementor-top-column elementor-element elementor-element-bcbca98\" data-id=\"bcbca98\" data-element_type=\"column\" data-e-type=\"column\">\n\t\t\t<div class=\"elementor-widget-wrap elementor-element-populated\">\n\t\t\t\t\t\t\t<\/div>\n\t\t<\/div>\n\t\t\t\t\t<\/div>\n\t\t<\/section>\n\t\t\t\t<\/div>\n\t\t","protected":false},"excerpt":{"rendered":"<p>Karriere bei fairforce.one Die fairforce.one System GmbH\u00a0entwickelt und vertreibt eine innovative Softwarel\u00f6sung f\u00fcr die kundenorientierte Regulierung von Unfallsch\u00e4den. Wir bieten unseren gewerblichen Kunden seit 2017 digitale Werkzeuge, mit denen korrekte Entsch\u00e4digungsleistungen einfach zu ermitteln und gegen\u00fcber leistungspflichtigen Versicherungen smart durchzusetzen sind. Wir glauben daran, dass die Schadensregulierung der Zukunft strikt kundenorientiert &amp; transparent und deshalb [&hellip;]<\/p>\n","protected":false},"author":2,"featured_media":0,"parent":0,"menu_order":0,"comment_status":"closed","ping_status":"closed","template":"elementor_header_footer","meta":{"_acf_changed":false,"_relevanssi_hide_post":"","_relevanssi_hide_content":"","_relevanssi_pin_for_all":"","_relevanssi_pin_keywords":"","_relevanssi_unpin_keywords":"","_relevanssi_related_keywords":"","_relevanssi_related_include_ids":"","_relevanssi_related_exclude_ids":"","_relevanssi_related_no_append":"","_relevanssi_related_not_related":"","_relevanssi_related_posts":"1803,2170,4419,4065,4147,2478","_relevanssi_noindex_reason":"","_lmt_disableupdate":"","_lmt_disable":"","yasr_overall_rating":0,"yasr_post_is_review":"","yasr_auto_insert_disabled":"","yasr_review_type":"","footnotes":""},"class_list":["post-6798","page","type-page","status-publish","hentry"],"acf":[],"yasr_visitor_votes":{"stars_attributes":{"read_only":false,"span_bottom":false},"number_of_votes":0,"sum_votes":0},"_links":{"self":[{"href":"https:\/\/fairforce.one\/en\/wp-json\/wp\/v2\/pages\/6798","targetHints":{"allow":["GET"]}}],"collection":[{"href":"https:\/\/fairforce.one\/en\/wp-json\/wp\/v2\/pages"}],"about":[{"href":"https:\/\/fairforce.one\/en\/wp-json\/wp\/v2\/types\/page"}],"author":[{"embeddable":true,"href":"https:\/\/fairforce.one\/en\/wp-json\/wp\/v2\/users\/2"}],"replies":[{"embeddable":true,"href":"https:\/\/fairforce.one\/en\/wp-json\/wp\/v2\/comments?post=6798"}],"version-history":[{"count":33,"href":"https:\/\/fairforce.one\/en\/wp-json\/wp\/v2\/pages\/6798\/revisions"}],"predecessor-version":[{"id":18050,"href":"https:\/\/fairforce.one\/en\/wp-json\/wp\/v2\/pages\/6798\/revisions\/18050"}],"wp:attachment":[{"href":"https:\/\/fairforce.one\/en\/wp-json\/wp\/v2\/media?parent=6798"}],"curies":[{"name":"wp","href":"https:\/\/api.w.org\/{rel}","templated":true}]}}