{"id":17277,"date":"2025-06-27T14:41:58","date_gmt":"2025-06-27T12:41:58","guid":{"rendered":"https:\/\/fairforce.one\/?page_id=17277"},"modified":"2025-06-27T14:43:34","modified_gmt":"2025-06-27T12:43:34","slug":"barrierefreiheit","status":"publish","type":"page","link":"https:\/\/fairforce.one\/en\/meta\/barrierefreiheit\/","title":{"rendered":"Accessibility"},"content":{"rendered":"<div data-elementor-type=\"wp-page\" data-elementor-id=\"17277\" class=\"elementor elementor-17277\" data-elementor-post-type=\"page\">\n\t\t\t\t<div class=\"elementor-element elementor-element-7ae9dc4 e-flex e-con-boxed e-con e-parent\" data-id=\"7ae9dc4\" data-element_type=\"container\" data-e-type=\"container\">\n\t\t\t\t\t<div class=\"e-con-inner\">\n\t\t\t\t<div class=\"elementor-element elementor-element-ec365eb elementor-widget elementor-widget-heading\" data-id=\"ec365eb\" data-element_type=\"widget\" data-e-type=\"widget\" data-widget_type=\"heading.default\">\n\t\t\t\t<div class=\"elementor-widget-container\">\n\t\t\t\t\t<h1 class=\"elementor-heading-title elementor-size-default\" id=\"barrierefreiheit\" title=\"Accessibility\">Accessibility<\/h1>\t\t\t\t<\/div>\n\t\t\t\t<\/div>\n\t\t\t\t<div class=\"elementor-element elementor-element-b902a5a elementor-widget elementor-widget-text-editor\" data-id=\"b902a5a\" data-element_type=\"widget\" data-e-type=\"widget\" data-widget_type=\"text-editor.default\">\n\t\t\t\t<div class=\"elementor-widget-container\">\n\t\t\t\t\t\t\t\t\t<h2 data-start=\"128\" data-end=\"161\" id=\"erklaerung-zur-barrierefreiheit\" title=\"Declaration on accessibility\">Declaration on accessibility<\/h2><p data-start=\"163\" data-end=\"370\">The website <strong data-start=\"176\" data-end=\"193\">fairforce.one<\/strong> should be easily accessible and usable for as many people as possible - regardless of their individual abilities or technical requirements.<\/p><p data-start=\"372\" data-end=\"651\">In the design and realisation of the site, we have attached great importance to <strong data-start=\"446\" data-end=\"481\">Accessibility as far as possible<\/strong> is laid out. The navigation, structure and content are designed so that they also work reliably with screen readers, keyboard operation and on mobile devices.<\/p><p data-start=\"653\" data-end=\"970\">Some older guide articles do not yet fully comply with the current requirements for accessible web content. These are currently <strong data-start=\"798\" data-end=\"827\">revised step by step<\/strong>to adapt them in terms of language, structure and technology and to provide all users with the most unrestricted access possible.<\/p><p data-start=\"972\" data-end=\"1167\"><strong data-start=\"972\" data-end=\"995\">Please note:<\/strong> For embedded or linked videos there are currently <strong data-start=\"1050\" data-end=\"1070\">no subtitles<\/strong> available. We are working on providing barrier-free alternatives here too in future.<\/p><p data-start=\"1169\" data-end=\"1314\">If you encounter any further barriers or have any suggestions for improvement, please send your feedback to <strong data-start=\"1288\" data-end=\"1313\"><a class=\"cursor-pointer\" rel=\"noopener\" data-start=\"1290\" data-end=\"1311\">kontakt@fairforce.one<\/a><\/strong>.<\/p><p data-start=\"1169\" data-end=\"1314\">Status of the declaration:<br \/><em>25.06.2025<\/em><\/p>\t\t\t\t\t\t\t\t<\/div>\n\t\t\t\t<\/div>\n\t\t\t\t\t<\/div>\n\t\t\t\t<\/div>\n\t\t\t\t<\/div>","protected":false},"excerpt":{"rendered":"<p>Erkl\u00e4rung zur Barrierefreiheit Die Website fairforce.one soll f\u00fcr m\u00f6glichst viele Menschen einfach zug\u00e4nglich und nutzbar sein \u2013 unabh\u00e4ngig von ihren individuellen F\u00e4higkeiten oder technischen Voraussetzungen. Wir haben bei der Gestaltung und Umsetzung der Seite gro\u00dfen Wert auf eine weitestgehende Barrierefreiheit gelegt. Die Navigation, Struktur und Inhalte sind so konzipiert, dass sie auch mit Screenreadern, Tastaturbedienung [&hellip;]<\/p>\n","protected":false},"author":2,"featured_media":0,"parent":6617,"menu_order":0,"comment_status":"closed","ping_status":"closed","template":"","meta":{"_acf_changed":false,"_relevanssi_hide_post":"","_relevanssi_hide_content":"","_relevanssi_pin_for_all":"","_relevanssi_pin_keywords":"","_relevanssi_unpin_keywords":"","_relevanssi_related_keywords":"","_relevanssi_related_include_ids":"","_relevanssi_related_exclude_ids":"","_relevanssi_related_no_append":"","_relevanssi_related_not_related":"","_relevanssi_related_posts":"1803,1765,5183,4109,4005,4312","_relevanssi_noindex_reason":"Yoast SEO Relevanssi index exclude","_lmt_disableupdate":"","_lmt_disable":"","yasr_overall_rating":0,"yasr_post_is_review":"","yasr_auto_insert_disabled":"","yasr_review_type":"","footnotes":""},"class_list":["post-17277","page","type-page","status-publish","hentry"],"acf":[],"yasr_visitor_votes":{"stars_attributes":{"read_only":false,"span_bottom":false},"number_of_votes":0,"sum_votes":0},"_links":{"self":[{"href":"https:\/\/fairforce.one\/en\/wp-json\/wp\/v2\/pages\/17277","targetHints":{"allow":["GET"]}}],"collection":[{"href":"https:\/\/fairforce.one\/en\/wp-json\/wp\/v2\/pages"}],"about":[{"href":"https:\/\/fairforce.one\/en\/wp-json\/wp\/v2\/types\/page"}],"author":[{"embeddable":true,"href":"https:\/\/fairforce.one\/en\/wp-json\/wp\/v2\/users\/2"}],"replies":[{"embeddable":true,"href":"https:\/\/fairforce.one\/en\/wp-json\/wp\/v2\/comments?post=17277"}],"version-history":[{"count":7,"href":"https:\/\/fairforce.one\/en\/wp-json\/wp\/v2\/pages\/17277\/revisions"}],"predecessor-version":[{"id":17284,"href":"https:\/\/fairforce.one\/en\/wp-json\/wp\/v2\/pages\/17277\/revisions\/17284"}],"up":[{"embeddable":true,"href":"https:\/\/fairforce.one\/en\/wp-json\/wp\/v2\/pages\/6617"}],"wp:attachment":[{"href":"https:\/\/fairforce.one\/en\/wp-json\/wp\/v2\/media?parent=17277"}],"curies":[{"name":"wp","href":"https:\/\/api.w.org\/{rel}","templated":true}]}}